{"id":408,"date":"2021-09-09T13:12:03","date_gmt":"2021-09-09T11:12:03","guid":{"rendered":"https:\/\/www.brennerei-baumann.com\/produkte\/feuerlikoere\/"},"modified":"2022-03-10T10:27:30","modified_gmt":"2022-03-10T09:27:30","slug":"feuerlikoere","status":"publish","type":"page","link":"https:\/\/www.brennerei-baumann.com\/de\/produkte\/feuerlikoere\/","title":{"rendered":"Feuerlik\u00f6re"},"content":{"rendered":"\n<p>F\u00fcr alle, die es besonders hei\u00df m\u00f6gen, kommen hier die Original Tiroler Feuerlik\u00f6re. Mit spannenden Geschmacksnoten und individuellen Geschichten sind sie eine originelle Geschenkidee. Ein Tiroler Feuerritual kann der Kn\u00fcller auf Ihrer n\u00e4chsten Feier sein.<\/p>\n","protected":false},"excerpt":{"rendered":"<p>F\u00fcr alle, die es besonders hei\u00df m\u00f6gen, kommen hier die Original Tiroler Feuerlik\u00f6re. Mit spannenden Geschmacksnoten und individuellen Geschichten sind sie eine originelle Geschenkidee. Ein Tiroler Feuerritual kann der Kn\u00fcller auf Ihrer n\u00e4chsten Feier sein.<\/p>\n","protected":false},"author":3,"featured_media":822,"parent":17,"menu_order":1,"comment_status":"closed","ping_status":"closed","template":"","meta":{"_acf_changed":false,"footnotes":""},"categories":[27,31],"tags":[],"class_list":["post-408","page","type-page","status-publish","has-post-thumbnail","hentry","category-feuerlikoere","category-show-subpages"],"acf":[],"_links":{"self":[{"href":"https:\/\/www.brennerei-baumann.com\/de\/wp-json\/wp\/v2\/pages\/408","targetHints":{"allow":["GET"]}}],"collection":[{"href":"https:\/\/www.brennerei-baumann.com\/de\/wp-json\/wp\/v2\/pages"}],"about":[{"href":"https:\/\/www.brennerei-baumann.com\/de\/wp-json\/wp\/v2\/types\/page"}],"author":[{"embeddable":true,"href":"https:\/\/www.brennerei-baumann.com\/de\/wp-json\/wp\/v2\/users\/3"}],"replies":[{"embeddable":true,"href":"https:\/\/www.brennerei-baumann.com\/de\/wp-json\/wp\/v2\/comments?post=408"}],"version-history":[{"count":0,"href":"https:\/\/www.brennerei-baumann.com\/de\/wp-json\/wp\/v2\/pages\/408\/revisions"}],"up":[{"embeddable":true,"href":"https:\/\/www.brennerei-baumann.com\/de\/wp-json\/wp\/v2\/pages\/17"}],"wp:featuredmedia":[{"embeddable":true,"href":"https:\/\/www.brennerei-baumann.com\/de\/wp-json\/wp\/v2\/media\/822"}],"wp:attachment":[{"href":"https:\/\/www.brennerei-baumann.com\/de\/wp-json\/wp\/v2\/media?parent=408"}],"wp:term":[{"taxonomy":"category","embeddable":true,"href":"https:\/\/www.brennerei-baumann.com\/de\/wp-json\/wp\/v2\/categories?post=408"},{"taxonomy":"post_tag","embeddable":true,"href":"https:\/\/www.brennerei-baumann.com\/de\/wp-json\/wp\/v2\/tags?post=408"}],"curies":[{"name":"wp","href":"https:\/\/api.w.org\/{rel}","templated":true}]}}