{"id":433,"date":"2021-09-10T10:41:27","date_gmt":"2021-09-10T08:41:27","guid":{"rendered":"https:\/\/www.brennerei-baumann.com\/?page_id=433"},"modified":"2022-03-02T08:48:50","modified_gmt":"2022-03-02T07:48:50","slug":"buy-regionally","status":"publish","type":"page","link":"https:\/\/www.brennerei-baumann.com\/en\/buy-regionally\/","title":{"rendered":"Buy Regionally"},"content":{"rendered":"<h2 class=\"wp-block-heading\" id=\"liebe-freunde-der-brennerei-baumann\">Dear friends of Brennerei Baumann<\/h2>\n\n\n\n<p>Even in times of booming online trade, it is certainly attractive to purchase your own spirits supply directly from local food or spirits specialist retailers.<br>Computers, tablets or mobile phones are practical, but they can hardly replace advice from competent sales staff and a pleasant personal conversation.<\/p>\n\n\n\n<p>If you would like to shop locally, simply enter your location below. You will receive a selection of points of sale in your area. If the next sales location is too far away, use the simple shopping option directly via the Kr\u00e4uterdestillerie online shop. <a href=\"https:\/\/www.tiroler-kraeuter-destillerie.com\/\" target=\"_blank\" rel=\"noopener\">We deliver internationally<\/a> - quickly and securely packed. <\/p>","protected":false},"excerpt":{"rendered":"<p>Liebe Freunde der Brennerei Baumann Auch in Zeiten des boomenden online Handels hat es durchaus seinen Reiz den eigenen Spirituosen Vorrat direkt beim lokalen Lebensmittel- oder Spirituosen Fachh\u00e4ndler zu decken.Computer, Tablet oder Handy sind praktisch, k\u00f6nnen aber die Beratung durch kompetente Verk\u00e4ufer*innen und ein nettes pers\u00f6nliches Gespr\u00e4ch kaum ersetzen. M\u00f6chten auch Sie direkt vor Ort [&hellip;]<\/p>","protected":false},"author":3,"featured_media":0,"parent":0,"menu_order":6,"comment_status":"closed","ping_status":"closed","template":"","meta":{"_acf_changed":false,"footnotes":""},"categories":[],"tags":[],"class_list":["post-433","page","type-page","status-publish","hentry"],"acf":[],"_links":{"self":[{"href":"https:\/\/www.brennerei-baumann.com\/en\/wp-json\/wp\/v2\/pages\/433","targetHints":{"allow":["GET"]}}],"collection":[{"href":"https:\/\/www.brennerei-baumann.com\/en\/wp-json\/wp\/v2\/pages"}],"about":[{"href":"https:\/\/www.brennerei-baumann.com\/en\/wp-json\/wp\/v2\/types\/page"}],"author":[{"embeddable":true,"href":"https:\/\/www.brennerei-baumann.com\/en\/wp-json\/wp\/v2\/users\/3"}],"replies":[{"embeddable":true,"href":"https:\/\/www.brennerei-baumann.com\/en\/wp-json\/wp\/v2\/comments?post=433"}],"version-history":[{"count":0,"href":"https:\/\/www.brennerei-baumann.com\/en\/wp-json\/wp\/v2\/pages\/433\/revisions"}],"wp:attachment":[{"href":"https:\/\/www.brennerei-baumann.com\/en\/wp-json\/wp\/v2\/media?parent=433"}],"wp:term":[{"taxonomy":"category","embeddable":true,"href":"https:\/\/www.brennerei-baumann.com\/en\/wp-json\/wp\/v2\/categories?post=433"},{"taxonomy":"post_tag","embeddable":true,"href":"https:\/\/www.brennerei-baumann.com\/en\/wp-json\/wp\/v2\/tags?post=433"}],"curies":[{"name":"wp","href":"https:\/\/api.w.org\/{rel}","templated":true}]}}